{"id":32,"date":"2024-10-17T15:24:23","date_gmt":"2024-10-17T13:24:23","guid":{"rendered":"https:\/\/as4ever.com\/?page_id=32"},"modified":"2024-10-17T17:51:16","modified_gmt":"2024-10-17T15:51:16","slug":"a-propos","status":"publish","type":"page","link":"https:\/\/as4ever.com\/index.php\/a-propos\/","title":{"rendered":"\u00c0 propos"},"content":{"rendered":"\n<p>Avec <strong>AS4ever<\/strong>, nous explorons les d\u00e9fis et les opportunit\u00e9s de l\u2019apr\u00e8s-vente dans l\u2019industrie automobile et moto, en mettant l&#8217;accent sur l&#8217;innovation, la performance et la satisfaction client. Ce blog est con\u00e7u pour partager des id\u00e9es, des conseils et des exp\u00e9riences afin d&#8217;aider les professionnels du secteur \u00e0 optimiser leurs services et \u00e0 anticiper les besoins des nouvelles mobilit\u00e9s.<\/p>\n\n\n<ul class=\"wp-block-latest-posts__list wp-block-latest-posts\"><li><a class=\"wp-block-latest-posts__post-title\" href=\"https:\/\/as4ever.com\/index.php\/2024\/10\/21\/le-service-apres-vente-sav-%f0%9f%94%a7\/\">Le Service Apr\u00e8s-Vente (SAV) \ud83d\udd27<\/a><\/li>\n<\/ul>","protected":false},"excerpt":{"rendered":"<p>Avec AS4ever, nous explorons les d\u00e9fis et les opportunit\u00e9s de l\u2019apr\u00e8s-vente dans l\u2019industrie automobile et moto, en mettant l&#8217;accent sur l&#8217;innovation, la performance et la satisfaction client. Ce blog est<span class=\"more-button\"><a href=\"https:\/\/as4ever.com\/index.php\/a-propos\/\" class=\"more-link\">Continue reading<span class=\"screen-reader-text\">\u00c0 propos<\/span><\/a><\/span><\/p>\n","protected":false},"author":1,"featured_media":7,"parent":0,"menu_order":0,"comment_status":"closed","ping_status":"closed","template":"","meta":{"footnotes":""},"class_list":["post-32","page","type-page","status-publish","has-post-thumbnail","hentry"],"_links":{"self":[{"href":"https:\/\/as4ever.com\/index.php\/wp-json\/wp\/v2\/pages\/32","targetHints":{"allow":["GET"]}}],"collection":[{"href":"https:\/\/as4ever.com\/index.php\/wp-json\/wp\/v2\/pages"}],"about":[{"href":"https:\/\/as4ever.com\/index.php\/wp-json\/wp\/v2\/types\/page"}],"author":[{"embeddable":true,"href":"https:\/\/as4ever.com\/index.php\/wp-json\/wp\/v2\/users\/1"}],"replies":[{"embeddable":true,"href":"https:\/\/as4ever.com\/index.php\/wp-json\/wp\/v2\/comments?post=32"}],"version-history":[{"count":3,"href":"https:\/\/as4ever.com\/index.php\/wp-json\/wp\/v2\/pages\/32\/revisions"}],"predecessor-version":[{"id":60,"href":"https:\/\/as4ever.com\/index.php\/wp-json\/wp\/v2\/pages\/32\/revisions\/60"}],"wp:featuredmedia":[{"embeddable":true,"href":"https:\/\/as4ever.com\/index.php\/wp-json\/wp\/v2\/media\/7"}],"wp:attachment":[{"href":"https:\/\/as4ever.com\/index.php\/wp-json\/wp\/v2\/media?parent=32"}],"curies":[{"name":"wp","href":"https:\/\/api.w.org\/{rel}","templated":true}]}}